{"id":4981,"date":"2022-01-02T11:26:39","date_gmt":"2022-01-02T11:26:39","guid":{"rendered":"https:\/\/fttcv.com\/?page_id=4981"},"modified":"2024-04-29T10:34:53","modified_gmt":"2024-04-29T10:34:53","slug":"quiniela","status":"publish","type":"page","link":"https:\/\/fttcv.com\/?page_id=4981","title":{"rendered":"QUINIELA MADISON FTTCV"},"content":{"rendered":"\n<h3 class=\"wp-block-heading\"><strong>QUINIELA ABRIL &#8211; MAYO<\/strong><\/h3>\n\n\n\n<figure class=\"wp-block-table\"><table><tbody><tr><td><strong>JORNADA 20-21 ABRIL<\/strong><\/td><td><strong>JORNADA 27-28 ABRIL<\/strong><\/td><td><strong>JORNADA 4-5 MAYO<\/strong><\/td><\/tr><tr><td><a href=\"http:\/\/fttcv.com\/docs\/quiniela\/2324\/PRON\u00d3STICOS 20-21 ABRIL.pdf\">PRON\u00d2STICOS<\/a><\/td><td><a href=\"http:\/\/fttcv.com\/docs\/quiniela\/2324\/PRON\u00d3STICOS QUINIELA 27-28 ABRIL.pdf\">PRON\u00d3STICOS<\/a><\/td><td><a href=\"https:\/\/docs.google.com\/forms\/d\/e\/1FAIpQLSfy73jQauWvAwWHqETvly_ZNYtj4Ao4IX5P_7QrI38AiUMh1A\/viewform?usp=sf_link\">FORMULARIO<\/a><\/td><\/tr><tr><td><a href=\"http:\/\/fttcv.com\/docs\/quiniela\/2324\/RESULTADOS QUINIELA 20-21 ABRIL.pdf\">CLASIFICACI\u00d3N<\/a><\/td><td><a href=\"http:\/\/fttcv.com\/docs\/quiniela\/2324\/RESULTADO QUINIELA 27-28 ABRIL.pdf\">CLASIFICACI\u00d3N<\/a><\/td><td><\/td><\/tr><\/tbody><\/table><\/figure>\n\n\n\n<h3 class=\"wp-block-heading\"><strong>QUINIELA MARZO<\/strong><\/h3>\n\n\n\n<figure class=\"wp-block-table\"><table><tbody><tr><td><strong>JORNADA 9-10 MARZO<\/strong><\/td><td><strong>JORNADA 16-17 MARZO<\/strong><\/td><td><strong>CLASIFICACI\u00d3N FINAL<\/strong><\/td><\/tr><tr><td><a href=\"http:\/\/fttcv.com\/docs\/quiniela\/2324\/PRON\u00d3STICOS 9-10 MARZO.pdf\">PRON\u00d3STICOS<\/a><\/td><td><a href=\"http:\/\/fttcv.com\/docs\/quiniela\/2324\/PRON\u00d3STICOS 16-17 MARZO.pdf\">PRON\u00d3STICOS<\/a><\/td><td><a href=\"http:\/\/fttcv.com\/docs\/quiniela\/2324\/CLASIFICACI\u00d3N FINAL MARZO.pdf\">CLASIFICACI\u00d3N<\/a><\/td><\/tr><tr><td><a href=\"http:\/\/fttcv.com\/docs\/quiniela\/2324\/RESULTADOS QUINIELA 9-10 MARZO.pdf\">CLASIFICACI\u00d3N<\/a><\/td><td><a href=\"http:\/\/fttcv.com\/docs\/quiniela\/2324\/CLASIFICACI\u00d3N 16-17 MARZO.pdf\">CLASIFICACI\u00d3N<\/a><\/td><td><\/td><\/tr><\/tbody><\/table><\/figure>\n\n\n\n<h3 class=\"wp-block-heading\"><strong>QUINIELA FEBRERO<\/strong><\/h3>\n\n\n\n<figure class=\"wp-block-table\"><table><tbody><tr><td><strong>JORNADA 3-4 FEBRERO<\/strong><\/td><td><strong>JORNADA 10-11 FEBRERO<\/strong><\/td><td><strong>JORNADA 17-18 FEBRERO<\/strong><\/td><\/tr><tr><td><a href=\"http:\/\/fttcv.com\/docs\/quiniela\/2324\/PRON\u00d3STICOS 3 - 4 FEBRERO.pdf\">PRON\u00d3STICOS<\/a><\/td><td><a href=\"http:\/\/fttcv.com\/docs\/quiniela\/2324\/PRON\u00d3STICOS 10-11 FEBRERO.pdf\">PRON\u00d3STICOS<\/a><\/td><td><a href=\"http:\/\/fttcv.com\/docs\/quiniela\/2324\/PRON\u00d3STICOS 17-18 FEBRERO.pdf\">PRON\u00d3STICOS<\/a><\/td><\/tr><tr><td><a href=\"http:\/\/fttcv.com\/docs\/quiniela\/2324\/RESULTADOS 3 - 4 FEBRERO.pdf\">CLASIFICACI\u00d3N<\/a><\/td><td><a href=\"http:\/\/fttcv.com\/docs\/quiniela\/2324\/RESULTADOS QUINIELA 10-11 FEBRERO.pdf\">CLASIFICACI\u00d3N<\/a><\/td><td><a href=\"http:\/\/fttcv.com\/docs\/quiniela\/2324\/CLASIFICACI\u00d3N FINAL FEBRERO.pdf\">CLASIFICACI\u00d3N<\/a><\/td><\/tr><\/tbody><\/table><\/figure>\n\n\n\n<h2 class=\"wp-block-heading has-medium-font-size\"><strong>QUINIELA ENERO<\/strong><\/h2>\n\n\n\n<div class=\"wp-block-group\"><div class=\"wp-block-group__inner-container is-layout-constrained wp-block-group-is-layout-constrained\">\n<figure class=\"wp-block-table\"><table><tbody><tr><td><strong>JORNADA 13-14 ENERO<\/strong><\/td><td><strong>JORNADA 20-21 ENERO<\/strong><\/td><td><strong>JORNADA 27-28 ENERO<\/strong><\/td><\/tr><tr><td><a href=\"https:\/\/www.fttcv.com\/docs\/quiniela\/2324\/Quiniela_1314_enero.pdf\">PRON\u00d3STICOS<\/a><\/td><td><a href=\"http:\/\/fttcv.com\/docs\/quiniela\/2324\/PRON\u00d3STICOS QUINIELA JORNADA 20-21 ENERO.pdf\">PRON\u00d3STICOS<\/a><\/td><td><a href=\"http:\/\/fttcv.com\/docs\/quiniela\/2324\/PRON\u00d3STICOS QUINIELA 27-28 ENERO.pdf\">PRON\u00d3STICOS<\/a><\/td><\/tr><tr><td><a href=\"http:\/\/fttcv.com\/docs\/quiniela\/2324\/clasif_enero1(1).pdf\">CLASIFICACI\u00d3N<\/a><\/td><td><a href=\"http:\/\/fttcv.com\/docs\/quiniela\/2324\/CLASIFICACI\u00d3N QUINIELA 20-21 ENERO.pdf\">CLASIFICACI\u00d3N<\/a><\/td><td><a href=\"http:\/\/fttcv.com\/docs\/quiniela\/2324\/CLASIFICACI\u00d3N FINAL QUINIELA ENERO.pdf\">CLASIFICACI\u00d3N<\/a><\/td><\/tr><\/tbody><\/table><\/figure>\n<\/div><\/div>\n\n\n\n<p class=\"has-medium-font-size\"><strong>QUINIELA NOVIEMBRE<\/strong><\/p>\n\n\n\n<div class=\"wp-block-columns has-black-color has-text-color is-layout-flex wp-container-core-columns-is-layout-9d6595d7 wp-block-columns-is-layout-flex\">\n<div class=\"wp-block-column is-layout-flow wp-block-column-is-layout-flow\" style=\"flex-basis:100%\">\n<figure class=\"wp-block-table\"><table><tbody><tr><td><strong>JORNADA 11-12 NOV<\/strong><\/td><td><strong>JORNADA 18-19<\/strong> <strong>NOV<\/strong><\/td><td><strong>JORNADA 25-26 NOV<\/strong><\/td><\/tr><tr><td><a href=\"https:\/\/www.fttcv.com\/docs\/quiniela\/2324\/PRON1112N.pdf\">PRON\u00d3STICOS<\/a><\/td><td><a href=\"https:\/\/www.fttcv.com\/docs\/quiniela\/2324\/PRON2NOV.pdf\">PRON\u00d3STICOS<\/a><\/td><td><a href=\"https:\/\/www.fttcv.com\/docs\/quiniela\/2324\/PRON3NOV.pdf\">PRON\u00d3STICOS<\/a><\/td><\/tr><tr><td><a href=\"https:\/\/www.fttcv.com\/docs\/quiniela\/2324\/CLASIFNOV1.pdf\">CLASIFICACI\u00d3N<\/a><\/td><td><a href=\"https:\/\/www.fttcv.com\/docs\/quiniela\/2324\/CLASIF2NOV.pdf\">CLASIFICACI\u00d3N<\/a><\/td><td><a href=\"https:\/\/www.fttcv.com\/docs\/quiniela\/2324\/CASIFFNOV.pdf\">CLASIFICACI\u00d3N<\/a><\/td><\/tr><\/tbody><\/table><\/figure>\n\n\n\n<p class=\"has-medium-font-size\"><strong>QUINIELA OCTUBRE<\/strong><\/p>\n\n\n\n<figure class=\"wp-block-table\"><table><tbody><tr><td><strong>JORNADA 30 SEP-1OCT<\/strong><\/td><td><strong>JORNADA 7-8 OCTUBRE<\/strong><\/td><td><strong>JORNADA 21-22 OCTUBRE <\/strong><\/td><td><strong>JORNADA 28-29 OCTUBRE<\/strong><\/td><\/tr><tr><td><a href=\"https:\/\/www.fttcv.com\/docs\/quiniela\/2324\/PRONOSTICOSI.pdf\" data-type=\"link\" data-id=\"https:\/\/www.fttcv.com\/docs\/quiniela\/2324\/PRONOSTICOSI.pdf\">PRON\u00d3STICOS<\/a><\/td><td><a href=\"https:\/\/www.fttcv.com\/docs\/quiniela\/2324\/PRON78O.pdf\">PRON\u00d3STICOS<\/a><\/td><td><a href=\"https:\/\/www.fttcv.com\/docs\/quiniela\/2324\/PRONOCT3.pdf\">PRON\u00d3STICOS<\/a><\/td><td><a href=\"https:\/\/www.fttcv.com\/docs\/quiniela\/2324\/PRONOCT4.pdf\">PRON\u00d3STICOS<\/a><\/td><\/tr><tr><td><a href=\"https:\/\/www.fttcv.com\/docs\/quiniela\/2324\/RESULTADOS QUINIELA I.pdf\">CLASIFICACI\u00d3N<\/a><\/td><td><a href=\"https:\/\/www.fttcv.com\/docs\/quiniela\/2324\/CLASIFO2.pdf\">CLASIFICACI\u00d3N<\/a><\/td><td><a href=\"https:\/\/www.fttcv.com\/docs\/quiniela\/2324\/CLASIFOCT3.pdf\">CLASIFICACI\u00d3N<\/a><\/td><td><strong><a href=\"https:\/\/www.fttcv.com\/docs\/quiniela\/2324\/CLASIFINALOCT.pdf\">CLASIFICACI\u00d3N FINAL<\/a><\/strong><\/td><\/tr><\/tbody><\/table><\/figure>\n\n\n\n<p><\/p>\n<\/div>\n<\/div>\n\n\n<div class=\"wp-block-image\">\n<figure class=\"aligncenter size-large is-resized\"><img fetchpriority=\"high\" decoding=\"async\" width=\"576\" height=\"1024\" src=\"https:\/\/fttcv.com\/wp-content\/uploads\/2023\/09\/QUINIELA-1080-\u00d7-1920-px-576x1024.jpg\" alt=\"\" class=\"wp-image-7622\" style=\"width:256px;height:455px\" srcset=\"https:\/\/fttcv.com\/wp-content\/uploads\/2023\/09\/QUINIELA-1080-\u00d7-1920-px-576x1024.jpg 576w, https:\/\/fttcv.com\/wp-content\/uploads\/2023\/09\/QUINIELA-1080-\u00d7-1920-px-169x300.jpg 169w, https:\/\/fttcv.com\/wp-content\/uploads\/2023\/09\/QUINIELA-1080-\u00d7-1920-px-768x1365.jpg 768w, https:\/\/fttcv.com\/wp-content\/uploads\/2023\/09\/QUINIELA-1080-\u00d7-1920-px-864x1536.jpg 864w, https:\/\/fttcv.com\/wp-content\/uploads\/2023\/09\/QUINIELA-1080-\u00d7-1920-px.jpg 1080w\" sizes=\"(max-width: 576px) 100vw, 576px\" \/><\/figure>\n<\/div>","protected":false},"excerpt":{"rendered":"<p>QUINIELA ABRIL &#8211; MAYO JORNADA 20-21 ABRIL JORNADA 27-28 ABRIL JORNADA 4-5 MAYO PRON\u00d2STICOS PRON\u00d3STICOS FORMULARIO CLASIFICACI\u00d3N CLASIFICACI\u00d3N QUINIELA MARZO JORNADA 9-10 MARZO JORNADA 16-17 MARZO CLASIFICACI\u00d3N FINAL PRON\u00d3STICOS PRON\u00d3STICOS CLASIFICACI\u00d3N CLASIFICACI\u00d3N CLASIFICACI\u00d3N QUINIELA FEBRERO JORNADA 3-4 FEBRERO JORNADA 10-11 FEBRERO JORNADA 17-18 FEBRERO PRON\u00d3STICOS PRON\u00d3STICOS PRON\u00d3STICOS CLASIFICACI\u00d3N CLASIFICACI\u00d3N CLASIFICACI\u00d3N QUINIELA ENERO JORNADA 13-14 ENERO&#8230; <\/p>\n<div class=\"clear\"><\/div>\n<p><a href=\"https:\/\/fttcv.com\/?page_id=4981\" class=\"excerpt-read-more\">Read More<\/a><\/p>\n","protected":false},"author":1,"featured_media":0,"parent":0,"menu_order":0,"comment_status":"closed","ping_status":"closed","template":"","meta":{"footnotes":""},"class_list":["post-4981","page","type-page","status-publish","hentry"],"_links":{"self":[{"href":"https:\/\/fttcv.com\/index.php?rest_route=\/wp\/v2\/pages\/4981","targetHints":{"allow":["GET"]}}],"collection":[{"href":"https:\/\/fttcv.com\/index.php?rest_route=\/wp\/v2\/pages"}],"about":[{"href":"https:\/\/fttcv.com\/index.php?rest_route=\/wp\/v2\/types\/page"}],"author":[{"embeddable":true,"href":"https:\/\/fttcv.com\/index.php?rest_route=\/wp\/v2\/users\/1"}],"replies":[{"embeddable":true,"href":"https:\/\/fttcv.com\/index.php?rest_route=%2Fwp%2Fv2%2Fcomments&post=4981"}],"version-history":[{"count":10,"href":"https:\/\/fttcv.com\/index.php?rest_route=\/wp\/v2\/pages\/4981\/revisions"}],"predecessor-version":[{"id":8349,"href":"https:\/\/fttcv.com\/index.php?rest_route=\/wp\/v2\/pages\/4981\/revisions\/8349"}],"wp:attachment":[{"href":"https:\/\/fttcv.com\/index.php?rest_route=%2Fwp%2Fv2%2Fmedia&parent=4981"}],"curies":[{"name":"wp","href":"https:\/\/api.w.org\/{rel}","templated":true}]}}