{"id":4007,"date":"2021-11-22T10:34:00","date_gmt":"2021-11-22T10:34:00","guid":{"rendered":"https:\/\/fttcv.com\/?page_id=4007"},"modified":"2026-04-08T15:42:51","modified_gmt":"2026-04-08T15:42:51","slug":"subvenciones-de-administraciones-publicas","status":"publish","type":"page","link":"https:\/\/fttcv.com\/?page_id=4007","title":{"rendered":"TRANSPARENCIA"},"content":{"rendered":"\n<h4 class=\"wp-block-heading\">Subvenciones de Administraciones P\u00fablicas<\/h4>\n\n\n\n<p>Seg\u00fan lo establecido en la Ley 2\/2015 de Transparencia, Buen Gobierno y Participaci\u00f3n Ciudadana de la Comunidad Valenciana, en su Art\u00edculo 3.2 y en cumplimiento del mismo, se detallan las subvenciones concedidas en el a\u00f1o 2025 a la Federaci\u00f3 de Tennis Taula de la Comunitat Valenciana.<\/p>\n\n\n\n<figure class=\"wp-block-table\"><table><tbody><tr><td><strong>Entidad<\/strong><\/td><td><strong>Adjudicaci\u00f3n<\/strong><\/td><td><strong>Importe (\u20ac)<\/strong><\/td><td><strong>Actividad subvencionada<\/strong><\/td><\/tr><tr><td>Generalitat Valenciana<\/td><td>RESOLUCI\u00d3N de 16 de julio de 2025<\/td><td>37.992<\/td><td>Programa I: Gesti\u00f3n y funcionamiento<\/td><\/tr><tr><td>Generalitat Valenciana<\/td><td>RESOLUCI\u00d3N de 16 de julio de 2025<\/td><td>21.568<\/td><td>Programa II: Actividades Deportivas<\/td><\/tr><tr><td>Generalitat Valenciana<\/td><td>RESOLUCI\u00d3N de 16 de julio de 2025<\/td><td>20.000<\/td><td>Programa III: Programa de Tecnificaci\u00f3n Deportiva<\/td><\/tr><tr><td>Generalitat Valenciana<\/td><td>RESOLUCI\u00d3N de 16 de julio de 2025<\/td><td>46.600<\/td><td>Programa IV: Planes de Especializaci\u00f3n Deportiva Cheste<\/td><\/tr><tr><td>Generalitat Valenciana<\/td><td>RESOLUCI\u00d3N de 16 de julio de 2025<\/td><td>5.700<\/td><td>Programa V: Selecciones Auton\u00f3micas<\/td><\/tr><tr><td>Generalitat Valenciana<\/td><td>RESOLUCI\u00d3N de 16 de julio de 2025<\/td><td>20.000<\/td><td>Programa VI: Jocs Esportius<\/td><\/tr><tr><td>Generalitat Valenciana<\/td><td>RESOLUCI\u00d3N de 16 de julio de 2025<\/td><td>29.880<\/td><td>Programa VII: Esport a l&#8217;Escola<\/td><\/tr><tr><td>Generalitat Valenciana<\/td><td>RESOLUCI\u00d3N de 25 de abril de 2025<\/td><td>5.089<\/td><td>Integraci\u00f3n de los Colectivos de la Diversidad<\/td><\/tr><\/tbody><\/table><\/figure>\n\n\n\n<p><\/p>\n\n\n\n<h4 class=\"wp-block-heading\">Convenios<\/h4>\n\n\n\n<p>Seg\u00fan lo establecido en la Ley 2\/2015 de Transparencia, Buen Gobierno y Participaci\u00f3n Ciudadana de la Comunidad Valenciana, en su Art\u00edculo 3.2 y en cumplimiento del mismo, se detallan las convenios que tiene la FTTCV en el a\u00f1o 2025.<\/p>\n\n\n\n<figure class=\"wp-block-table\"><table><tbody><tr><td><strong>Entidad<\/strong><\/td><td><strong>Adjudicaci\u00f3n<\/strong><\/td><td><strong>Importe (\u20ac)<\/strong><\/td><td><strong>Actividad subvencionada<\/strong><\/td><\/tr><tr><td>Fundaci\u00f3n Trinidad Alfonso<\/td><td>Firma de convenio <\/td><td>17.500<\/td><td>Esport a l&#8217;Escola +1H<\/td><\/tr><tr><td>Fundaci\u00f3n Trinidad Alfonso<\/td><td>Firma de convenio<\/td><td>627,06<\/td><td>Selecciones Comunitat de l&#8217;Esport<\/td><\/tr><\/tbody><\/table><\/figure>\n\n\n\n<p><\/p>\n\n\n\n<h4 class=\"wp-block-heading\">Normativa de Aplicaci\u00f3n<\/h4>\n\n\n\n<figure class=\"wp-block-table\"><table><tbody><tr><th>Normativa<\/th><th>Documento<\/th><\/tr><tr><td>Funciones p\u00fablicas de las federaciones deportivas de la Comunitat Valenciana<\/td><td><a target=\"_blank\" href=\"https:\/\/www.fttcv.com\/docs\/transparencia\/normativa\/funciones-publicas-federaciones-deportivas.pdf\" rel=\"noreferrer noopener\">Ver Documento<\/a><\/td><\/tr><tr><td>Ley 2\/2011 del Deporte y la Actividad F\u00edsica de la Comunitat Valenciana<\/td><td><a target=\"_blank\" href=\"https:\/\/www.fttcv.com\/docs\/transparencia\/normativa\/Ley_2_2011_del_Deporte_y_la_Actividad_Fsica.pdf\" rel=\"noreferrer noopener\">Ver Documento<\/a><\/td><\/tr><tr><td>Decreto de Entidades Deportivas. 19\/01\/2018 DOGV Num. 8216 Pag. 3418 y sig.<\/td><td><a target=\"_blank\" href=\"https:\/\/www.fttcv.com\/docs\/transparencia\/normativa\/docv_8216.pdf\" rel=\"noreferrer noopener\">Ver Documento<\/a><\/td><\/tr><tr><td>Estatutos de la Federaci\u00f3 de Tennis Taula de la Comunitat Valenciana<\/td><td><a href=\"https:\/\/www.fttcv.com\/docs\/transparencia\/normativa\/ESTATUTOS_FTTCV_ABRIL_2025.pdf\" target=\"_blank\" rel=\"noreferrer noopener\">Ver Documento<\/a><\/td><\/tr><tr><td>Reglamento General de la Federaci\u00f3 de Tennis Taula de la Comunitat Valenciana<\/td><td><a target=\"_blank\" href=\"https:\/\/www.fttcv.com\/docs\/transparencia\/normativa\/REGLAMENTO_GENERAL_FTTCV.pdf\" rel=\"noreferrer noopener\">Ver Documento<\/a><\/td><\/tr><tr><td>R\u00e9gimen Disciplinario de la Federaci\u00f3 de Tennis Taula de la Comunitat Valenciana<\/td><td><a target=\"_blank\" href=\"https:\/\/www.fttcv.com\/docs\/transparencia\/normativa\/Regimen_disciplinario_FTTCV.pdf\" rel=\"noreferrer noopener\">Ver Documento<\/a><\/td><\/tr><\/tbody><\/table><\/figure>\n\n\n\n<p><\/p>\n\n\n\n<h4 class=\"wp-block-heading\">Presupuestos Anuales<\/h4>\n\n\n\n<div class=\"wp-block-group\"><div class=\"wp-block-group__inner-container is-layout-constrained wp-block-group-is-layout-constrained\">\n<figure class=\"wp-block-table\"><table class=\"has-fixed-layout\"><tbody><tr><td><a href=\"https:\/\/www.fttcv.com\/docs\/transparencia\/PRESUPUESTOS 2026 FTTCV.pdf\">PRESUPUESTOS FTTCV &#8211; 2026<\/a><\/td><td><a href=\"https:\/\/www.fttcv.com\/docs\/transparencia\/2022--PRESUPUESTOS%20FTTCV.pdf\">PRESUPUESTOS FTTCV &#8211; 2022<\/a><\/td><\/tr><tr><td><a href=\"https:\/\/www.fttcv.com\/docs\/transparencia\/PRESUPUESTOS 2025 FTTCV (1).pdf\">PRESUPUESTOS FTTCV &#8211; 2025<\/a><\/td><td><a href=\"https:\/\/www.fttcv.com\/docs\/transparencia\/2021--PRESUPUESTOS%20FTTCV.pdf\">PRESUPUESTOS FTTCV &#8211; 2021<\/a><\/td><\/tr><tr><td><a href=\"https:\/\/www.fttcv.com\/docs\/transparencia\/PRESUPUESTOS 2024 FTTCV.pdf\">PRESUPUESTOS FTTCV &#8211; 2024<\/a><\/td><td><a href=\"https:\/\/www.fttcv.com\/docs\/transparencia\/2020--PRESUPUESTOS%20FTTCV.pdf\">PRESUPUESTOS FTTCV &#8211; 2020<\/a><\/td><\/tr><tr><td><a href=\"https:\/\/www.fttcv.com\/docs\/transparencia\/PRESUPUESTOS%202023%20FTTCV%20(1).pdf\">PRESUPUESTOS FTTCV &#8211; 2023<\/a><\/td><td><a href=\"https:\/\/www.fttcv.com\/docs\/transparencia\/2019--PRESUPUESTOS%20FTTCV.pdf\">PRESUPUESTOS FTTCV &#8211; 2019<\/a><\/td><\/tr><\/tbody><\/table><\/figure>\n<\/div><\/div>\n\n\n\n<p><\/p>\n\n\n\n<h4 class=\"wp-block-heading\">Cuentas anuales<\/h4>\n\n\n\n<figure class=\"wp-block-table\"><table class=\"has-fixed-layout\"><tbody><tr><td class=\"has-text-align-center\" data-align=\"center\"><strong>2025<\/strong><\/td><td class=\"has-text-align-center\" data-align=\"center\"><strong>2024<\/strong><\/td><td class=\"has-text-align-center\" data-align=\"center\"><strong>2023<\/strong><\/td><td class=\"has-text-align-center\" data-align=\"center\"><strong>2022<\/strong><\/td><\/tr><tr><td class=\"has-text-align-center\" data-align=\"center\"><a href=\"https:\/\/www.fttcv.com\/docs\/transparencia\/PyG 2025 - FTTCV.pdf\">P\u00c9RDIDAS Y GANANCIAS 2025<\/a><\/td><td class=\"has-text-align-center\" data-align=\"center\"><a href=\"https:\/\/www.fttcv.com\/docs\/transparencia\/P\u00c9RDIDAS Y GANANCIAS 2024 (1).pdf\">P\u00c9RDIDAS Y GANANCIAS 2024<\/a><\/td><td class=\"has-text-align-center\" data-align=\"center\"><a href=\"https:\/\/www.fttcv.com\/docs\/transparencia\/PyG 2023 - FTTCV.pdf\">P\u00c9RDIDAS Y GANANCIAS 2023<\/a><\/td><td class=\"has-text-align-center\" data-align=\"center\"><a href=\"https:\/\/www.fttcv.com\/docs\/transparencia\/PyG 2022 FTTCV.pdf\" data-type=\"URL\" data-id=\"https:\/\/www.fttcv.com\/docs\/transparencia\/PyG 2022 FTTCV.pdf\">P\u00c9RDIDAS Y GANANCIAS 2022<\/a><\/td><\/tr><tr><td class=\"has-text-align-center\" data-align=\"center\"><a href=\"https:\/\/www.fttcv.com\/docs\/transparencia\/Balance%20situacion%202025%20-%20FTTCV.pdf\">BALANCE DE SITUACI\u00d3N 2025<\/a><\/td><td class=\"has-text-align-center\" data-align=\"center\"><a href=\"https:\/\/www.fttcv.com\/docs\/transparencia\/BALANCE SITUACI\u00d3N 2024 (1).pdf\">BALANCE DE SITUACI\u00d3N 2024<\/a><\/td><td class=\"has-text-align-center\" data-align=\"center\"><a href=\"https:\/\/www.fttcv.com\/docs\/transparencia\/Balance Situaci\u00f3n 2023 - FTTCV.pdf\">BALANCE DE SITUACI\u00d3N 2023<\/a><\/td><td class=\"has-text-align-center\" data-align=\"center\"><a href=\"https:\/\/www.fttcv.com\/docs\/transparencia\/Balance Situaci\u00f3n 2022 FTTCV.pdf\" data-type=\"URL\" data-id=\"https:\/\/www.fttcv.com\/docs\/transparencia\/Balance Situaci\u00f3n 2022 FTTCV.pdf\">BALANCE DE SITUACI\u00d3N 2022<\/a><\/td><\/tr><tr><td class=\"has-text-align-center\" data-align=\"center\"><a href=\"https:\/\/www.fttcv.com\/docs\/transparencia\/Memoria_Economica_2025_FTTCV.pdf\">MEMORIA ECON\u00d3MICA 2025<\/a><\/td><td class=\"has-text-align-center\" data-align=\"center\"><a href=\"https:\/\/www.fttcv.com\/docs\/transparencia\/P\u00c9RDIDAS Y GANANCIAS 2024 (1).pdf\">MEMORIA ECON\u00d3MICA 2024<\/a><\/td><td class=\"has-text-align-center\" data-align=\"center\"><a href=\"https:\/\/www.fttcv.com\/docs\/transparencia\/Memoria Econ\u00f3mica 2023 - FTTCV.pdf\">MEMORIA ECON\u00d3MICA 2023<\/a><\/td><td class=\"has-text-align-center\" data-align=\"center\"><a href=\"https:\/\/www.fttcv.com\/docs\/transparencia\/Memoria economica 2022 (2).pdf\" data-type=\"URL\" data-id=\"https:\/\/www.fttcv.com\/docs\/transparencia\/Memoria economica 2022 (2).pdf\">MEMORIA ECON\u00d3MICA 2022<\/a><\/td><\/tr><tr><td class=\"has-text-align-center\" data-align=\"center\"><a href=\"https:\/\/www.fttcv.com\/docs\/transparencia\/PyG 2025vs2024 - FTTCV.pdf\">COMPARATIVA P\u00c9RDIDAS Y GANANCIAS 2024 &#8211; 2025 <\/a><\/td><td class=\"has-text-align-center\" data-align=\"center\"><\/td><td class=\"has-text-align-center\" data-align=\"center\"><\/td><td class=\"has-text-align-center\" data-align=\"center\"><\/td><\/tr><tr><td class=\"has-text-align-center\" data-align=\"center\"><a href=\"https:\/\/www.fttcv.com\/docs\/transparencia\/Balance situaci\u00f3n 2025vs2024 - FTTCV.pdf\">COMPARATIVA BALANCE DE SITUACI\u00d3N 2024-2025<\/a><\/td><td class=\"has-text-align-center\" data-align=\"center\"><\/td><td class=\"has-text-align-center\" data-align=\"center\"><\/td><td class=\"has-text-align-center\" data-align=\"center\"><\/td><\/tr><tr><td class=\"has-text-align-center\" data-align=\"center\"><strong>2021<\/strong><\/td><td class=\"has-text-align-center\" data-align=\"center\"><strong>2020<\/strong><\/td><td class=\"has-text-align-center\" data-align=\"center\"><strong>2019<\/strong><\/td><td class=\"has-text-align-center\" data-align=\"center\"><strong>2018<\/strong><\/td><\/tr><tr><td class=\"has-text-align-center\" data-align=\"center\"><a href=\"https:\/\/www.fttcv.com\/docs\/transparencia\/PYG2021.pdf\">PERDIDAS Y GANANCIAS 2021<\/a><\/td><td class=\"has-text-align-center\" data-align=\"center\"><a href=\"https:\/\/www.fttcv.com\/docs\/transparencia\/PYG2021.pdf\">PERDIDAS Y GANANCIAS 2020<\/a><\/td><td class=\"has-text-align-center\" data-align=\"center\"><a href=\"https:\/\/www.fttcv.com\/docs\/transparencia\/PYG2019.pdf\">PERDIDAS Y GANANCIAS 2019<\/a><\/td><td class=\"has-text-align-center\" data-align=\"center\"><a href=\"https:\/\/www.fttcv.com\/docs\/transparencia\/PYG2018.pdf\" data-type=\"URL\" data-id=\"https:\/\/www.fttcv.com\/docs\/transparencia\/PYG2018.pdf\">PERDIDAS Y GANANCIAS 2018<\/a><\/td><\/tr><tr><td class=\"has-text-align-center\" data-align=\"center\"><a href=\"https:\/\/www.fttcv.com\/docs\/transparencia\/BS2021.pdf\">BALANCE DE SITUACI\u00d3N 2021<\/a><\/td><td class=\"has-text-align-center\" data-align=\"center\"><a href=\"https:\/\/www.fttcv.com\/docs\/transparencia\/BS2020.pdf\">BALANCE DE SITUACI\u00d3N 2020<\/a><\/td><td class=\"has-text-align-center\" data-align=\"center\"><a href=\"https:\/\/www.fttcv.com\/docs\/transparencia\/BS2019.pdf\">BALANCE DE SITUACI\u00d3N 2019<\/a><\/td><td class=\"has-text-align-center\" data-align=\"center\"><a href=\"https:\/\/www.fttcv.com\/docs\/transparencia\/BS2018.pdf\">BALANCE DE SITUACI\u00d3N 2018<\/a><\/td><\/tr><tr><td class=\"has-text-align-center\" data-align=\"center\"><a href=\"https:\/\/www.fttcv.com\/docs\/transparencia\/ME2021.pdf\">MEMORIA ECON\u00d3MICA 2021<\/a><\/td><td class=\"has-text-align-center\" data-align=\"center\"><a href=\"https:\/\/www.fttcv.com\/docs\/transparencia\/ME2020.pdf\">MEMORIA ECON\u00d3MICA 2020<\/a><\/td><td class=\"has-text-align-center\" data-align=\"center\"><a href=\"https:\/\/www.fttcv.com\/docs\/transparencia\/ME2019.pdf\">MEMORIA ECON\u00d3MICA 2019<\/a><\/td><td class=\"has-text-align-center\" data-align=\"center\"><a href=\"https:\/\/www.fttcv.com\/docs\/transparencia\/ME2018.pdf\" data-type=\"URL\" data-id=\"https:\/\/www.fttcv.com\/docs\/transparencia\/ME2018.pdf\">MEMORIA ECON\u00d3MICA 2018<\/a><\/td><\/tr><\/tbody><\/table><\/figure>\n\n\n\n<p><\/p>\n\n\n\n<h4 class=\"wp-block-heading\">Protocolo acoso y violencia sexual<\/h4>\n\n\n\n<p><a href=\"https:\/\/www.fttcv.com\/docs\/transparencia\/Protocoloacoso.pdf\" data-type=\"URL\" data-id=\"https:\/\/www.fttcv.com\/docs\/transparencia\/PyG 2022 FTTCV.pdf\">PROTOCOLO ACOSO Y VIOLENCIA SEXUAL<\/a><\/p>\n\n\n\n<h4 class=\"wp-block-heading\">Retribuciones de los miembros de los \u00f3rganos de gobierno<\/h4>\n\n\n\n<p>Ning\u00fan miembro de ning\u00fan \u00f3rgano de gobierno de la FTTCV recibe retribuciones por realizar dicha labor.<\/p>\n","protected":false},"excerpt":{"rendered":"<p>Subvenciones de Administraciones P\u00fablicas Seg\u00fan lo establecido en la Ley 2\/2015 de Transparencia, Buen Gobierno y Participaci\u00f3n Ciudadana de la Comunidad Valenciana, en su Art\u00edculo 3.2 y en cumplimiento del mismo, se detallan las subvenciones concedidas en el a\u00f1o 2025 a la Federaci\u00f3 de Tennis Taula de la Comunitat Valenciana. Entidad Adjudicaci\u00f3n Importe (\u20ac) Actividad&#8230; <\/p>\n<div class=\"clear\"><\/div>\n<p><a href=\"https:\/\/fttcv.com\/?page_id=4007\" class=\"excerpt-read-more\">Read More<\/a><\/p>\n","protected":false},"author":1,"featured_media":0,"parent":0,"menu_order":0,"comment_status":"closed","ping_status":"closed","template":"","meta":{"footnotes":""},"class_list":["post-4007","page","type-page","status-publish","hentry"],"_links":{"self":[{"href":"https:\/\/fttcv.com\/index.php?rest_route=\/wp\/v2\/pages\/4007","targetHints":{"allow":["GET"]}}],"collection":[{"href":"https:\/\/fttcv.com\/index.php?rest_route=\/wp\/v2\/pages"}],"about":[{"href":"https:\/\/fttcv.com\/index.php?rest_route=\/wp\/v2\/types\/page"}],"author":[{"embeddable":true,"href":"https:\/\/fttcv.com\/index.php?rest_route=\/wp\/v2\/users\/1"}],"replies":[{"embeddable":true,"href":"https:\/\/fttcv.com\/index.php?rest_route=%2Fwp%2Fv2%2Fcomments&post=4007"}],"version-history":[{"count":10,"href":"https:\/\/fttcv.com\/index.php?rest_route=\/wp\/v2\/pages\/4007\/revisions"}],"predecessor-version":[{"id":10364,"href":"https:\/\/fttcv.com\/index.php?rest_route=\/wp\/v2\/pages\/4007\/revisions\/10364"}],"wp:attachment":[{"href":"https:\/\/fttcv.com\/index.php?rest_route=%2Fwp%2Fv2%2Fmedia&parent=4007"}],"curies":[{"name":"wp","href":"https:\/\/api.w.org\/{rel}","templated":true}]}}